{"id":95,"date":"2020-09-13T00:08:06","date_gmt":"2020-09-13T00:08:06","guid":{"rendered":"https:\/\/crownschool.mipedidoes.com\/wp\/?page_id=95"},"modified":"2020-09-13T00:08:06","modified_gmt":"2020-09-13T00:08:06","slug":"kids","status":"publish","type":"page","link":"https:\/\/crownschool.es\/?page_id=95","title":{"rendered":"Kids"},"content":{"rendered":"\n<p><em>Ni\u00f1@s de 4 a 11 a\u00f1os<\/em><\/p>\n\n\n\n<figure class=\"wp-block-image size-large\"><img loading=\"lazy\" decoding=\"async\" width=\"1000\" height=\"643\" src=\"https:\/\/crownschool.es\/wp-content\/uploads\/2020\/09\/cel-lisboa-73969.jpg\" alt=\"\" class=\"wp-image-17\" srcset=\"https:\/\/crownschool.es\/wp-content\/uploads\/2020\/09\/cel-lisboa-73969.jpg 1000w, https:\/\/crownschool.es\/wp-content\/uploads\/2020\/09\/cel-lisboa-73969-300x193.jpg 300w, https:\/\/crownschool.es\/wp-content\/uploads\/2020\/09\/cel-lisboa-73969-768x494.jpg 768w\" sizes=\"auto, (max-width: 1000px) 100vw, 1000px\" \/><\/figure>\n\n\n\n<p>Cursos de 4 horas semanales impartidas a raz\u00f3n de una hora diaria. Con clases los lunes a jueves. Divididas en tres niveles de edades: Preschool, Prejuniors y Juniors.<\/p>\n\n\n\n<p>Clases muy l\u00fadicas para l@s m\u00e1s peques Preschool 4 &amp; 5 y Prejuniors I &amp; II y amenas y pr\u00e1cticas para los Juniors como preparaci\u00f3n y antesala del B1.<\/p>\n\n\n\n<p>Con Tutor\u00edas , controles trimestrales y bolet\u00edn informativo mensual. Con nuestra metodolog\u00eda actualizada e impartiendo las clases en ingl\u00e9s para desarrollar las cuatros destrezas de manera globalizada.<\/p>\n\n\n\n<p>Tambi\u00e9n nuestr@s alumn@s pueden presentarse a los ex\u00e1menes Cambridge exclusivos para los peque\u00f1os (Young Learners) Starters, Movers y Flyers.<\/p>\n","protected":false},"excerpt":{"rendered":"<p>Ni\u00f1@s de 4 a 11 a\u00f1os Cursos de 4 horas semanales impartidas a raz\u00f3n de una hora diaria. Con clases los lunes a jueves. Divididas en tres niveles de edades: Preschool, Prejuniors y Juniors. Clases muy l\u00fadicas para l@s m\u00e1s peques Preschool 4 &amp; 5 y Prejuniors I &amp; II y amenas y pr\u00e1cticas para [&hellip;]<\/p>\n","protected":false},"author":1,"featured_media":0,"parent":0,"menu_order":0,"comment_status":"closed","ping_status":"closed","template":"","meta":{"footnotes":""},"class_list":["post-95","page","type-page","status-publish","hentry"],"_links":{"self":[{"href":"https:\/\/crownschool.es\/index.php?rest_route=\/wp\/v2\/pages\/95","targetHints":{"allow":["GET"]}}],"collection":[{"href":"https:\/\/crownschool.es\/index.php?rest_route=\/wp\/v2\/pages"}],"about":[{"href":"https:\/\/crownschool.es\/index.php?rest_route=\/wp\/v2\/types\/page"}],"author":[{"embeddable":true,"href":"https:\/\/crownschool.es\/index.php?rest_route=\/wp\/v2\/users\/1"}],"replies":[{"embeddable":true,"href":"https:\/\/crownschool.es\/index.php?rest_route=%2Fwp%2Fv2%2Fcomments&post=95"}],"version-history":[{"count":1,"href":"https:\/\/crownschool.es\/index.php?rest_route=\/wp\/v2\/pages\/95\/revisions"}],"predecessor-version":[{"id":96,"href":"https:\/\/crownschool.es\/index.php?rest_route=\/wp\/v2\/pages\/95\/revisions\/96"}],"wp:attachment":[{"href":"https:\/\/crownschool.es\/index.php?rest_route=%2Fwp%2Fv2%2Fmedia&parent=95"}],"curies":[{"name":"wp","href":"https:\/\/api.w.org\/{rel}","templated":true}]}}